{"id":13263,"date":"2024-04-29T02:45:53","date_gmt":"2024-04-28T23:45:53","guid":{"rendered":"https:\/\/www.moritechrobot.de\/emw-series\/"},"modified":"2024-08-26T15:29:21","modified_gmt":"2024-08-26T12:29:21","slug":"emw-series","status":"publish","type":"page","link":"https:\/\/moritechrobot.de\/en\/products\/top-entry-level-robot\/emw-series\/","title":{"rendered":"eMW Series"},"content":{"rendered":"\t\t<div data-elementor-type=\"wp-page\" data-elementor-id=\"13263\" class=\"elementor elementor-13263\">\n\t\t\t\t<div class=\"elementor-element elementor-element-270dee0 e-flex e-con-boxed e-con e-parent\" data-id=\"270dee0\" data-element_type=\"container\">\n\t\t\t\t\t<div class=\"e-con-inner\">\n\t\t\t\t<div class=\"elementor-element elementor-element-c4052ff elementor-widget elementor-widget-qi_addons_for_elementor_animated_text\" data-id=\"c4052ff\" data-element_type=\"widget\" data-widget_type=\"qi_addons_for_elementor_animated_text.default\">\n\t\t\t\t<div class=\"elementor-widget-container\">\n\t\t\t\t\t<div class=\"qodef-shortcode qodef-m qodef-qi-animated-text qodef--animated-by-letter qodef-qi--has-appear qodef--appear-from-right\" >\n\t\t<h1 class=\"qodef-m-title\">\n\t\t<span class=\"qodef-e-word-holder\">eMW<\/span> <span class=\"qodef-e-word-holder\">Series<\/span>\t<\/h1>\n<\/div>\n\t\t\t\t<\/div>\n\t\t\t\t<\/div>\n\t\t\t\t\t<\/div>\n\t\t\t\t<\/div>\n\t\t<div class=\"elementor-element elementor-element-1403e56 e-flex e-con-boxed e-con e-parent\" data-id=\"1403e56\" data-element_type=\"container\">\n\t\t\t\t\t<div class=\"e-con-inner\">\n\t\t\t\t<div class=\"elementor-element elementor-element-6772219 animated-slow elementor-invisible elementor-widget elementor-widget-text-editor\" data-id=\"6772219\" data-element_type=\"widget\" data-settings=\"{&quot;_animation&quot;:&quot;fadeInUp&quot;}\" data-widget_type=\"text-editor.default\">\n\t\t\t\t<div class=\"elementor-widget-container\">\n\t\t\t\t\t\t\t\t\t<p>Cartesian top-entry robots, easy to operate, multifunctional, precise, powerful and with a high payload capacity<\/p>\n\t\t\t\t\t\t\t\t<\/div>\n\t\t\t\t<\/div>\n\t\t\t\t\t<\/div>\n\t\t\t\t<\/div>\n\t\t<div class=\"elementor-element elementor-element-339090c e-flex e-con-boxed e-con e-parent\" data-id=\"339090c\" data-element_type=\"container\">\n\t\t\t\t\t<div class=\"e-con-inner\">\n\t\t\t\t<div class=\"elementor-element elementor-element-f543763 elementor-widget__width-initial elementor-invisible elementor-widget elementor-widget-qi_addons_for_elementor_interactive_banner\" data-id=\"f543763\" data-element_type=\"widget\" data-settings=\"{&quot;_animation&quot;:&quot;slideInUp&quot;}\" data-widget_type=\"qi_addons_for_elementor_interactive_banner.default\">\n\t\t\t\t<div class=\"elementor-widget-container\">\n\t\t\t\t\t<div class=\"qodef-shortcode qodef-m qodef-qi-interactive-banner qodef-layout--from-bottom\">\n\t<div class=\"qodef-m-image\">\n\t<img fetchpriority=\"high\" decoding=\"async\" width=\"710\" height=\"734\" src=\"https:\/\/moritechrobot.de\/wp-content\/uploads\/2024\/04\/moritech-emw-800-serisi-scaled-1-991x1024.jpg\" class=\"attachment-large size-large\" alt=\"\" srcset=\"https:\/\/moritechrobot.de\/wp-content\/uploads\/2024\/04\/moritech-emw-800-serisi-scaled-1-991x1024.jpg 991w, https:\/\/moritechrobot.de\/wp-content\/uploads\/2024\/04\/moritech-emw-800-serisi-scaled-1-290x300.jpg 290w, https:\/\/moritechrobot.de\/wp-content\/uploads\/2024\/04\/moritech-emw-800-serisi-scaled-1-768x793.jpg 768w, https:\/\/moritechrobot.de\/wp-content\/uploads\/2024\/04\/moritech-emw-800-serisi-scaled-1-532x550.jpg 532w, https:\/\/moritechrobot.de\/wp-content\/uploads\/2024\/04\/moritech-emw-800-serisi-scaled-1-1060x1095.jpg 1060w, https:\/\/moritechrobot.de\/wp-content\/uploads\/2024\/04\/moritech-emw-800-serisi-scaled-1-1487x1536.jpg 1487w, https:\/\/moritechrobot.de\/wp-content\/uploads\/2024\/04\/moritech-emw-800-serisi-scaled-1-1982x2048.jpg 1982w, https:\/\/moritechrobot.de\/wp-content\/uploads\/2024\/04\/moritech-emw-800-serisi-scaled-1-550x568.jpg 550w, https:\/\/moritechrobot.de\/wp-content\/uploads\/2024\/04\/moritech-emw-800-serisi-scaled-1-484x500.jpg 484w, https:\/\/moritechrobot.de\/wp-content\/uploads\/2024\/04\/moritech-emw-800-serisi-scaled-1-1920x1984.jpg 1920w, https:\/\/moritechrobot.de\/wp-content\/uploads\/2024\/04\/moritech-emw-800-serisi-scaled-1-1045x1080.jpg 1045w\" sizes=\"(max-width: 710px) 100vw, 710px\" \/><\/div>\n\t<div class=\"qodef-m-content\">\n\t\t\t\t<div class=\"qodef-m-content-inner\">\n\t\t\t<div class=\"qodef-m-movement\">\n\t\t\t\t\t<h3 class=\"qodef-m-subtitle\">\n\t\tCartesian robots\t<\/h3>\n\t\t\t\t\t<h3 class=\"qodef-m-title\">\n\t\teMW800\t<\/h3>\n\t\t\t\t<div class=\"qodef-m-text-holder\">\n\t\t\t\t\t\t\t\t\t\t\t<div class=\"qodef-m-button\">\n\t\t<a class=\"qodef-shortcode qodef-m qodef-qi-button qodef-html--link qodef-layout--filled qodef-type--standard qodef-size--large qodef-icon--left qodef-hover--icon-move-horizontal-short\" href=\"https:\/\/www.moritechrobot.de\/en\/products\/top-entry-level-robot\/emw-series\/emw800\/\" target=\"_self\">\t<span class=\"qodef-m-text\">Review<\/span>\t<\/a>\t<\/div>\n\t\t\t\t<\/div>\n\t\t\t\t\t\t\t<\/div>\n\t\t<\/div>\n\t<\/div>\n<\/div>\n\t\t\t\t<\/div>\n\t\t\t\t<\/div>\n\t\t\t\t<div class=\"elementor-element elementor-element-9e21020 elementor-widget__width-initial elementor-invisible elementor-widget elementor-widget-qi_addons_for_elementor_interactive_banner\" data-id=\"9e21020\" data-element_type=\"widget\" data-settings=\"{&quot;_animation&quot;:&quot;slideInUp&quot;}\" data-widget_type=\"qi_addons_for_elementor_interactive_banner.default\">\n\t\t\t\t<div class=\"elementor-widget-container\">\n\t\t\t\t\t<div class=\"qodef-shortcode qodef-m qodef-qi-interactive-banner qodef-layout--from-bottom\">\n\t<div class=\"qodef-m-image\">\n\t<img decoding=\"async\" width=\"710\" height=\"734\" src=\"https:\/\/moritechrobot.de\/wp-content\/uploads\/2024\/04\/moritech-emw-1000-serisi-scaled-1-991x1024.jpg\" class=\"attachment-large size-large\" alt=\"\" srcset=\"https:\/\/moritechrobot.de\/wp-content\/uploads\/2024\/04\/moritech-emw-1000-serisi-scaled-1-991x1024.jpg 991w, https:\/\/moritechrobot.de\/wp-content\/uploads\/2024\/04\/moritech-emw-1000-serisi-scaled-1-290x300.jpg 290w, https:\/\/moritechrobot.de\/wp-content\/uploads\/2024\/04\/moritech-emw-1000-serisi-scaled-1-768x793.jpg 768w, https:\/\/moritechrobot.de\/wp-content\/uploads\/2024\/04\/moritech-emw-1000-serisi-scaled-1-532x550.jpg 532w, https:\/\/moritechrobot.de\/wp-content\/uploads\/2024\/04\/moritech-emw-1000-serisi-scaled-1-1060x1095.jpg 1060w, https:\/\/moritechrobot.de\/wp-content\/uploads\/2024\/04\/moritech-emw-1000-serisi-scaled-1-1487x1536.jpg 1487w, https:\/\/moritechrobot.de\/wp-content\/uploads\/2024\/04\/moritech-emw-1000-serisi-scaled-1-1982x2048.jpg 1982w, https:\/\/moritechrobot.de\/wp-content\/uploads\/2024\/04\/moritech-emw-1000-serisi-scaled-1-550x568.jpg 550w, https:\/\/moritechrobot.de\/wp-content\/uploads\/2024\/04\/moritech-emw-1000-serisi-scaled-1-484x500.jpg 484w, https:\/\/moritechrobot.de\/wp-content\/uploads\/2024\/04\/moritech-emw-1000-serisi-scaled-1-1920x1984.jpg 1920w, https:\/\/moritechrobot.de\/wp-content\/uploads\/2024\/04\/moritech-emw-1000-serisi-scaled-1-1045x1080.jpg 1045w\" sizes=\"(max-width: 710px) 100vw, 710px\" \/><\/div>\n\t<div class=\"qodef-m-content\">\n\t\t\t\t<div class=\"qodef-m-content-inner\">\n\t\t\t<div class=\"qodef-m-movement\">\n\t\t\t\t\t<h3 class=\"qodef-m-subtitle\">\n\t\tCartesian robots\t<\/h3>\n\t\t\t\t\t<h3 class=\"qodef-m-title\">\n\t\teMW1000\t<\/h3>\n\t\t\t\t<div class=\"qodef-m-text-holder\">\n\t\t\t\t\t\t\t\t\t\t\t<div class=\"qodef-m-button\">\n\t\t<a class=\"qodef-shortcode qodef-m qodef-qi-button qodef-html--link qodef-layout--filled qodef-type--standard qodef-size--large qodef-icon--left qodef-hover--icon-move-horizontal-short\" href=\"https:\/\/www.moritechrobot.de\/en\/products\/top-entry-level-robot\/emw-series\/emw1000\/\" target=\"_self\">\t<span class=\"qodef-m-text\">Review<\/span>\t<\/a>\t<\/div>\n\t\t\t\t<\/div>\n\t\t\t\t\t\t\t<\/div>\n\t\t<\/div>\n\t<\/div>\n<\/div>\n\t\t\t\t<\/div>\n\t\t\t\t<\/div>\n\t\t\t\t<div class=\"elementor-element elementor-element-e93c673 elementor-widget__width-initial elementor-invisible elementor-widget elementor-widget-qi_addons_for_elementor_interactive_banner\" data-id=\"e93c673\" data-element_type=\"widget\" data-settings=\"{&quot;_animation&quot;:&quot;slideInUp&quot;}\" data-widget_type=\"qi_addons_for_elementor_interactive_banner.default\">\n\t\t\t\t<div class=\"elementor-widget-container\">\n\t\t\t\t\t<div class=\"qodef-shortcode qodef-m qodef-qi-interactive-banner qodef-layout--from-bottom\">\n\t<div class=\"qodef-m-image\">\n\t<img decoding=\"async\" width=\"710\" height=\"734\" src=\"https:\/\/moritechrobot.de\/wp-content\/uploads\/2024\/04\/moritech-emw-1200-serisi-scaled-2-991x1024.jpg\" class=\"attachment-large size-large\" alt=\"\" srcset=\"https:\/\/moritechrobot.de\/wp-content\/uploads\/2024\/04\/moritech-emw-1200-serisi-scaled-2-991x1024.jpg 991w, https:\/\/moritechrobot.de\/wp-content\/uploads\/2024\/04\/moritech-emw-1200-serisi-scaled-2-290x300.jpg 290w, https:\/\/moritechrobot.de\/wp-content\/uploads\/2024\/04\/moritech-emw-1200-serisi-scaled-2-768x793.jpg 768w, https:\/\/moritechrobot.de\/wp-content\/uploads\/2024\/04\/moritech-emw-1200-serisi-scaled-2-532x550.jpg 532w, https:\/\/moritechrobot.de\/wp-content\/uploads\/2024\/04\/moritech-emw-1200-serisi-scaled-2-1060x1095.jpg 1060w, https:\/\/moritechrobot.de\/wp-content\/uploads\/2024\/04\/moritech-emw-1200-serisi-scaled-2-1487x1536.jpg 1487w, https:\/\/moritechrobot.de\/wp-content\/uploads\/2024\/04\/moritech-emw-1200-serisi-scaled-2-1982x2048.jpg 1982w, https:\/\/moritechrobot.de\/wp-content\/uploads\/2024\/04\/moritech-emw-1200-serisi-scaled-2-550x568.jpg 550w, https:\/\/moritechrobot.de\/wp-content\/uploads\/2024\/04\/moritech-emw-1200-serisi-scaled-2-484x500.jpg 484w, https:\/\/moritechrobot.de\/wp-content\/uploads\/2024\/04\/moritech-emw-1200-serisi-scaled-2-1920x1984.jpg 1920w, https:\/\/moritechrobot.de\/wp-content\/uploads\/2024\/04\/moritech-emw-1200-serisi-scaled-2-1045x1080.jpg 1045w\" sizes=\"(max-width: 710px) 100vw, 710px\" \/><\/div>\n\t<div class=\"qodef-m-content\">\n\t\t\t\t<div class=\"qodef-m-content-inner\">\n\t\t\t<div class=\"qodef-m-movement\">\n\t\t\t\t\t<h3 class=\"qodef-m-subtitle\">\n\t\tCartesian robots\t<\/h3>\n\t\t\t\t\t<h3 class=\"qodef-m-title\">\n\t\teMW1200\t<\/h3>\n\t\t\t\t<div class=\"qodef-m-text-holder\">\n\t\t\t\t\t\t\t\t\t\t\t<div class=\"qodef-m-button\">\n\t\t<a class=\"qodef-shortcode qodef-m qodef-qi-button qodef-html--link qodef-layout--filled qodef-type--standard qodef-size--large qodef-icon--left qodef-hover--icon-move-horizontal-short\" href=\"https:\/\/www.moritechrobot.de\/en\/products\/top-entry-level-robot\/emw-series\/emw1200\/\" target=\"_self\">\t<span class=\"qodef-m-text\">Review<\/span>\t<\/a>\t<\/div>\n\t\t\t\t<\/div>\n\t\t\t\t\t\t\t<\/div>\n\t\t<\/div>\n\t<\/div>\n<\/div>\n\t\t\t\t<\/div>\n\t\t\t\t<\/div>\n\t\t\t\t\t<\/div>\n\t\t\t\t<\/div>\n\t\t\t\t<section class=\"elementor-section elementor-top-section elementor-element elementor-element-41e08b3e elementor-section-boxed elementor-section-height-default elementor-section-height-default\" data-id=\"41e08b3e\" data-element_type=\"section\">\n\t\t\t\t\t\t<div class=\"elementor-container elementor-column-gap-default\">\n\t\t\t\t\t<div class=\"elementor-column elementor-col-50 elementor-top-column elementor-element elementor-element-18180979\" data-id=\"18180979\" data-element_type=\"column\">\n\t\t\t<div class=\"elementor-widget-wrap elementor-element-populated\">\n\t\t\t\t\t\t<div class=\"elementor-element elementor-element-60df8e6b elementor-widget__width-auto animated-slow elementor-invisible elementor-widget elementor-widget-qi_addons_for_elementor_button\" data-id=\"60df8e6b\" data-element_type=\"widget\" data-settings=\"{&quot;_animation&quot;:&quot;fadeInUp&quot;,&quot;_animation_delay&quot;:&quot;200&quot;}\" data-widget_type=\"qi_addons_for_elementor_button.default\">\n\t\t\t\t<div class=\"elementor-widget-container\">\n\t\t\t\t\t<a class=\"qodef-shortcode qodef-m qodef-qi-button qodef-html--link qodef-layout--textual qodef-icon--right qodef-hover--icon-move-horizontal-short qodef-text-underline qodef-underline--left\" href=\"https:\/\/www.moritechrobot.de\/en\/contact-us\/\" target=\"_self\">\n\t<span class=\"qodef-m-text\">Contact us<\/span>\n\t\t<span class=\"qodef-m-icon qodef--icon-color-set\">\n\t\t<span class=\"qodef-m-icon-inner\">\n\t\t\t<svg xmlns=\"http:\/\/www.w3.org\/2000\/svg\" x=\"0px\" y=\"0px\" width=\"7px\" height=\"7px\" viewBox=\"1.25 1.25 7 7\" xml:space=\"preserve\"><polygon fill=\"#ffffff\" points=\"1.25,1.25 1.25,2.25 6.543,2.25 1.25,7.543 1.958,8.25 7.25,2.957 7.25,8.25 8.25,8.25 8.25,1.25 8.25,1.25 \"><\/polygon><\/svg>\t\t\t\t\t<\/span>\n\t<\/span>\n<\/a>\n\t\t\t\t<\/div>\n\t\t\t\t<\/div>\n\t\t\t\t<div class=\"elementor-element elementor-element-1a817d7f elementor-widget__width-initial elementor-widget elementor-widget-qi_addons_for_elementor_animated_text\" data-id=\"1a817d7f\" data-element_type=\"widget\" data-widget_type=\"qi_addons_for_elementor_animated_text.default\">\n\t\t\t\t<div class=\"elementor-widget-container\">\n\t\t\t\t\t<div class=\"qodef-shortcode qodef-m qodef-qi-animated-text qodef--animated-by-letter qodef-qi--has-appear qodef--appear-from-right\" >\n\t\t<h1 class=\"qodef-m-title\">\n\t\t<span class=\"qodef-e-word-holder\">Contact<\/span> <span class=\"qodef-e-word-holder\">us<\/span>\t<\/h1>\n<\/div>\n\t\t\t\t<\/div>\n\t\t\t\t<\/div>\n\t\t\t\t<div class=\"elementor-element elementor-element-2b35fb9 animated-slow elementor-invisible elementor-widget elementor-widget-heading\" data-id=\"2b35fb9\" data-element_type=\"widget\" data-settings=\"{&quot;_animation&quot;:&quot;fadeInUp&quot;}\" data-widget_type=\"heading.default\">\n\t\t\t\t<div class=\"elementor-widget-container\">\n\t\t\t\t\t<h2 class=\"elementor-heading-title elementor-size-default\">Industry solutions start with a simple contact<\/h2>\t\t\t\t<\/div>\n\t\t\t\t<\/div>\n\t\t\t\t\t<\/div>\n\t\t<\/div>\n\t\t\t\t<div class=\"elementor-column elementor-col-50 elementor-top-column elementor-element elementor-element-17357e32\" data-id=\"17357e32\" data-element_type=\"column\">\n\t\t\t<div class=\"elementor-widget-wrap\">\n\t\t\t\t\t\t\t<\/div>\n\t\t<\/div>\n\t\t\t\t\t<\/div>\n\t\t<\/section>\n\t\t\t\t<section class=\"elementor-section elementor-top-section elementor-element elementor-element-32625392 elementor-section-height-min-height elementor-section-stretched elementor-section-boxed elementor-section-height-default elementor-section-items-middle\" data-id=\"32625392\" data-element_type=\"section\" data-settings=\"{&quot;stretch_section&quot;:&quot;section-stretched&quot;,&quot;background_background&quot;:&quot;classic&quot;}\">\n\t\t\t\t\t\t\t<div class=\"elementor-background-overlay\"><\/div>\n\t\t\t\t\t\t\t<div class=\"elementor-container elementor-column-gap-default\">\n\t\t\t\t\t<div class=\"elementor-column elementor-col-100 elementor-top-column elementor-element elementor-element-62c9b5f4\" data-id=\"62c9b5f4\" data-element_type=\"column\">\n\t\t\t<div class=\"elementor-widget-wrap elementor-element-populated\">\n\t\t\t\t\t\t<div class=\"elementor-element elementor-element-4b03b446 animated-slow elementor-invisible elementor-widget elementor-widget-qi_addons_for_elementor_typeout_text\" data-id=\"4b03b446\" data-element_type=\"widget\" data-settings=\"{&quot;_animation&quot;:&quot;fadeInUp&quot;}\" data-widget_type=\"qi_addons_for_elementor_typeout_text.default\">\n\t\t\t\t<div class=\"elementor-widget-container\">\n\t\t\t\t\t<div class=\"qodef-shortcode qodef-m qodef-qi-typeout-text\" data-strings=\"[&quot;&quot;]\">\n\t<h1 class=\"qodef-m-text\">\n\t\t\t\t\tDo you have a project in mind?\t\t\t\t<span class=\"qodef-typeout-holder\">\n\t\t\t<span class=\"qodef-typeout\"><\/span>\n\t\t<\/span>\n\t<\/h1>\n<\/div>\n\t\t\t\t<\/div>\n\t\t\t\t<\/div>\n\t\t\t\t<div class=\"elementor-element elementor-element-7d2ebdab animated-slow elementor-invisible elementor-widget elementor-widget-qi_addons_for_elementor_typeout_text\" data-id=\"7d2ebdab\" data-element_type=\"widget\" data-settings=\"{&quot;_animation&quot;:&quot;fadeInUp&quot;}\" data-widget_type=\"qi_addons_for_elementor_typeout_text.default\">\n\t\t\t\t<div class=\"elementor-widget-container\">\n\t\t\t\t\t<div class=\"qodef-shortcode qodef-m qodef-qi-typeout-text\" data-strings=\"[&quot;&quot;]\">\n\t<h2 class=\"qodef-m-text\">\n\t\t\t\t\tQuick response, best solution.\t\t\t\t<span class=\"qodef-typeout-holder\">\n\t\t\t<span class=\"qodef-typeout\"><\/span>\n\t\t<\/span>\n\t<\/h2>\n<\/div>\n\t\t\t\t<\/div>\n\t\t\t\t<\/div>\n\t\t\t\t<div class=\"elementor-element elementor-element-848a867 elementor-widget__width-auto animated-slow elementor-invisible elementor-widget elementor-widget-qi_addons_for_elementor_button\" data-id=\"848a867\" data-element_type=\"widget\" data-settings=\"{&quot;_animation&quot;:&quot;fadeInUp&quot;,&quot;_animation_delay&quot;:&quot;200&quot;}\" data-widget_type=\"qi_addons_for_elementor_button.default\">\n\t\t\t\t<div class=\"elementor-widget-container\">\n\t\t\t\t\t<a class=\"qodef-shortcode qodef-m qodef-qi-button qodef-html--link qodef-layout--outlined qodef-type--icon-boxed qodef-icon--right qodef-hover--icon-move-horizontal-short qodef-text-underline qodef-underline--left\" href=\"https:\/\/www.moritechrobot.de\/en\/contact-us\/\" target=\"_self\">\n\t<span class=\"qodef-m-text\">Let&#039;s talk<\/span>\n\t\t<span class=\"qodef-m-icon\">\n\t\t<span class=\"qodef-m-icon-inner\">\n\t\t\t<svg xmlns=\"http:\/\/www.w3.org\/2000\/svg\" x=\"0px\" y=\"0px\" width=\"7px\" height=\"7px\" viewBox=\"1.25 1.25 7 7\" xml:space=\"preserve\"><polygon fill=\"#ffffff\" points=\"1.25,1.25 1.25,2.25 6.543,2.25 1.25,7.543 1.958,8.25 7.25,2.957 7.25,8.25 8.25,8.25 8.25,1.25 8.25,1.25 \"><\/polygon><\/svg>\t\t\t\t\t<\/span>\n\t<\/span>\n<\/a>\n\t\t\t\t<\/div>\n\t\t\t\t<\/div>\n\t\t\t\t\t<\/div>\n\t\t<\/div>\n\t\t\t\t\t<\/div>\n\t\t<\/section>\n\t\t\t\t<section class=\"elementor-section elementor-top-section elementor-element elementor-element-69383960 elementor-section-stretched elementor-section-height-min-height elementor-section-boxed elementor-section-height-default elementor-section-items-middle\" data-id=\"69383960\" data-element_type=\"section\" data-settings=\"{&quot;background_background&quot;:&quot;classic&quot;,&quot;stretch_section&quot;:&quot;section-stretched&quot;}\">\n\t\t\t\t\t\t\t<div class=\"elementor-background-overlay\"><\/div>\n\t\t\t\t\t\t\t<div class=\"elementor-container elementor-column-gap-default\">\n\t\t\t\t\t<div class=\"elementor-column elementor-col-33 elementor-top-column elementor-element elementor-element-2d3e726c\" data-id=\"2d3e726c\" data-element_type=\"column\" data-settings=\"{&quot;background_background&quot;:&quot;classic&quot;}\">\n\t\t\t<div class=\"elementor-widget-wrap elementor-element-populated\">\n\t\t\t\t\t\t<div class=\"elementor-element elementor-element-1c8e823a elementor-widget elementor-widget-heading\" data-id=\"1c8e823a\" data-element_type=\"widget\" data-widget_type=\"heading.default\">\n\t\t\t\t<div class=\"elementor-widget-container\">\n\t\t\t\t\t<h5 class=\"elementor-heading-title elementor-size-default\">D\u00fcsseldorf Office  <\/h5>\t\t\t\t<\/div>\n\t\t\t\t<\/div>\n\t\t\t\t<div class=\"elementor-element elementor-element-2ad91117 elementor-align-left elementor-mobile-align-left elementor-icon-list--layout-traditional elementor-list-item-link-full_width elementor-widget elementor-widget-icon-list\" data-id=\"2ad91117\" data-element_type=\"widget\" data-widget_type=\"icon-list.default\">\n\t\t\t\t<div class=\"elementor-widget-container\">\n\t\t\t\t\t\t\t<ul class=\"elementor-icon-list-items\">\n\t\t\t\t\t\t\t<li class=\"elementor-icon-list-item\">\n\t\t\t\t\t\t\t\t\t\t<span class=\"elementor-icon-list-text\">+49 176 72146096<\/span>\n\t\t\t\t\t\t\t\t\t<\/li>\n\t\t\t\t\t\t\t\t<li class=\"elementor-icon-list-item\">\n\t\t\t\t\t\t\t\t\t\t<span class=\"elementor-icon-list-text\">info@moritechrobot.de<\/span>\n\t\t\t\t\t\t\t\t\t<\/li>\n\t\t\t\t\t\t<\/ul>\n\t\t\t\t\t\t<\/div>\n\t\t\t\t<\/div>\n\t\t\t\t<div class=\"elementor-element elementor-element-3d94c574 elementor-align-left elementor-mobile-align-left elementor-icon-list--layout-traditional elementor-list-item-link-full_width elementor-widget elementor-widget-icon-list\" data-id=\"3d94c574\" data-element_type=\"widget\" data-widget_type=\"icon-list.default\">\n\t\t\t\t<div class=\"elementor-widget-container\">\n\t\t\t\t\t\t\t<ul class=\"elementor-icon-list-items\">\n\t\t\t\t\t\t\t<li class=\"elementor-icon-list-item\">\n\t\t\t\t\t\t\t\t\t\t<span class=\"elementor-icon-list-text\">Grafenberger Allee 293, 40237 D\u00fcsseldorf \/ Germany<\/span>\n\t\t\t\t\t\t\t\t\t<\/li>\n\t\t\t\t\t\t<\/ul>\n\t\t\t\t\t\t<\/div>\n\t\t\t\t<\/div>\n\t\t\t\t\t<\/div>\n\t\t<\/div>\n\t\t\t\t<div class=\"elementor-column elementor-col-33 elementor-top-column elementor-element elementor-element-587be267\" data-id=\"587be267\" data-element_type=\"column\" data-settings=\"{&quot;background_background&quot;:&quot;classic&quot;}\">\n\t\t\t<div class=\"elementor-widget-wrap elementor-element-populated\">\n\t\t\t\t\t\t<div class=\"elementor-element elementor-element-170720ae elementor-widget elementor-widget-heading\" data-id=\"170720ae\" data-element_type=\"widget\" data-widget_type=\"heading.default\">\n\t\t\t\t<div class=\"elementor-widget-container\">\n\t\t\t\t\t<h5 class=\"elementor-heading-title elementor-size-default\">\u0130stanbul Office<\/h5>\t\t\t\t<\/div>\n\t\t\t\t<\/div>\n\t\t\t\t<div class=\"elementor-element elementor-element-4d68f650 elementor-align-left elementor-mobile-align-left elementor-icon-list--layout-traditional elementor-list-item-link-full_width elementor-widget elementor-widget-icon-list\" data-id=\"4d68f650\" data-element_type=\"widget\" data-widget_type=\"icon-list.default\">\n\t\t\t\t<div class=\"elementor-widget-container\">\n\t\t\t\t\t\t\t<ul class=\"elementor-icon-list-items\">\n\t\t\t\t\t\t\t<li class=\"elementor-icon-list-item\">\n\t\t\t\t\t\t\t\t\t\t<span class=\"elementor-icon-list-text\">+90 (216) 304 10 45<\/span>\n\t\t\t\t\t\t\t\t\t<\/li>\n\t\t\t\t\t\t\t\t<li class=\"elementor-icon-list-item\">\n\t\t\t\t\t\t\t\t\t\t<span class=\"elementor-icon-list-text\">info@moritech.com.tr<\/span>\n\t\t\t\t\t\t\t\t\t<\/li>\n\t\t\t\t\t\t<\/ul>\n\t\t\t\t\t\t<\/div>\n\t\t\t\t<\/div>\n\t\t\t\t<div class=\"elementor-element elementor-element-2096e1c6 elementor-align-left elementor-mobile-align-center elementor-icon-list--layout-traditional elementor-list-item-link-full_width elementor-widget elementor-widget-icon-list\" data-id=\"2096e1c6\" data-element_type=\"widget\" data-widget_type=\"icon-list.default\">\n\t\t\t\t<div class=\"elementor-widget-container\">\n\t\t\t\t\t\t\t<ul class=\"elementor-icon-list-items\">\n\t\t\t\t\t\t\t<li class=\"elementor-icon-list-item\">\n\t\t\t\t\t\t\t\t\t\t<span class=\"elementor-icon-list-text\">Tepe\u00f6ren Mh. \u0130TOSB 4th Cd. No:29 34959 Tuzla - \u0130stanbul<\/span>\n\t\t\t\t\t\t\t\t\t<\/li>\n\t\t\t\t\t\t<\/ul>\n\t\t\t\t\t\t<\/div>\n\t\t\t\t<\/div>\n\t\t\t\t\t<\/div>\n\t\t<\/div>\n\t\t\t\t<div class=\"elementor-column elementor-col-33 elementor-top-column elementor-element elementor-element-4cf3f6b1\" data-id=\"4cf3f6b1\" data-element_type=\"column\" data-settings=\"{&quot;background_background&quot;:&quot;classic&quot;}\">\n\t\t\t<div class=\"elementor-widget-wrap elementor-element-populated\">\n\t\t\t\t\t\t<div class=\"elementor-element elementor-element-19546eb6 elementor-widget elementor-widget-heading\" data-id=\"19546eb6\" data-element_type=\"widget\" data-widget_type=\"heading.default\">\n\t\t\t\t<div class=\"elementor-widget-container\">\n\t\t\t\t\t<h5 class=\"elementor-heading-title elementor-size-default\">Ankara Office<\/h5>\t\t\t\t<\/div>\n\t\t\t\t<\/div>\n\t\t\t\t<div class=\"elementor-element elementor-element-48288d5e elementor-align-left elementor-mobile-align-left elementor-icon-list--layout-traditional elementor-list-item-link-full_width elementor-widget elementor-widget-icon-list\" data-id=\"48288d5e\" data-element_type=\"widget\" data-widget_type=\"icon-list.default\">\n\t\t\t\t<div class=\"elementor-widget-container\">\n\t\t\t\t\t\t\t<ul class=\"elementor-icon-list-items\">\n\t\t\t\t\t\t\t<li class=\"elementor-icon-list-item\">\n\t\t\t\t\t\t\t\t\t\t<span class=\"elementor-icon-list-text\">+90 (216) 304 10 45<\/span>\n\t\t\t\t\t\t\t\t\t<\/li>\n\t\t\t\t\t\t\t\t<li class=\"elementor-icon-list-item\">\n\t\t\t\t\t\t\t\t\t\t<span class=\"elementor-icon-list-text\">info@moritech.com.tr<\/span>\n\t\t\t\t\t\t\t\t\t<\/li>\n\t\t\t\t\t\t<\/ul>\n\t\t\t\t\t\t<\/div>\n\t\t\t\t<\/div>\n\t\t\t\t<div class=\"elementor-element elementor-element-2a01fe58 elementor-align-left elementor-mobile-align-center elementor-icon-list--layout-traditional elementor-list-item-link-full_width elementor-widget elementor-widget-icon-list\" data-id=\"2a01fe58\" data-element_type=\"widget\" data-widget_type=\"icon-list.default\">\n\t\t\t\t<div class=\"elementor-widget-container\">\n\t\t\t\t\t\t\t<ul class=\"elementor-icon-list-items\">\n\t\t\t\t\t\t\t<li class=\"elementor-icon-list-item\">\n\t\t\t\t\t\t\t\t\t\t<span class=\"elementor-icon-list-text\">Mal\u0131k\u00f6y Ba\u015fkent OSB, 20.CAD NO:8, 06909 Sincan\/Ankara<\/span>\n\t\t\t\t\t\t\t\t\t<\/li>\n\t\t\t\t\t\t<\/ul>\n\t\t\t\t\t\t<\/div>\n\t\t\t\t<\/div>\n\t\t\t\t\t<\/div>\n\t\t<\/div>\n\t\t\t\t\t<\/div>\n\t\t<\/section>\n\t\t\t\t<\/div>\n\t\t","protected":false},"excerpt":{"rendered":"<p>eMW Series Cartesian top-entry robots, easy to operate, multifunctional, precise, powerful and with a high payload capacity Cartesian robots eMW800 Review Cartesian robots eMW1000 Review Cartesian robots eMW1200 Review Contact us Contact us Industry solutions start with a simple contact Do you have a project in mind? Quick response, best solution. Let&#039;s talk D\u00fcsseldorf Office +49 176 72146096 info@moritechrobot.de Grafenberger Allee 293, 40237 D\u00fcsseldorf \/&#8230; <\/p>\n<p class=\"more\"><a class=\"more-link\" href=\"https:\/\/moritechrobot.de\/en\/products\/top-entry-level-robot\/emw-series\/\">Read More<\/a><\/p>\n","protected":false},"author":1,"featured_media":0,"parent":13266,"menu_order":0,"comment_status":"closed","ping_status":"closed","template":"elementor_header_footer","meta":{"_joinchat":[],"footnotes":""},"class_list":["post-13263","page","type-page","status-publish","hentry","is-cat-link-solid is-cat-link-rounded"],"_links":{"self":[{"href":"https:\/\/moritechrobot.de\/en\/wp-json\/wp\/v2\/pages\/13263","targetHints":{"allow":["GET"]}}],"collection":[{"href":"https:\/\/moritechrobot.de\/en\/wp-json\/wp\/v2\/pages"}],"about":[{"href":"https:\/\/moritechrobot.de\/en\/wp-json\/wp\/v2\/types\/page"}],"author":[{"embeddable":true,"href":"https:\/\/moritechrobot.de\/en\/wp-json\/wp\/v2\/users\/1"}],"replies":[{"embeddable":true,"href":"https:\/\/moritechrobot.de\/en\/wp-json\/wp\/v2\/comments?post=13263"}],"version-history":[{"count":9,"href":"https:\/\/moritechrobot.de\/en\/wp-json\/wp\/v2\/pages\/13263\/revisions"}],"predecessor-version":[{"id":13521,"href":"https:\/\/moritechrobot.de\/en\/wp-json\/wp\/v2\/pages\/13263\/revisions\/13521"}],"up":[{"embeddable":true,"href":"https:\/\/moritechrobot.de\/en\/wp-json\/wp\/v2\/pages\/13266"}],"wp:attachment":[{"href":"https:\/\/moritechrobot.de\/en\/wp-json\/wp\/v2\/media?parent=13263"}],"curies":[{"name":"wp","href":"https:\/\/api.w.org\/{rel}","templated":true}]}}